{"id":294,"date":"2020-02-17T13:23:24","date_gmt":"2020-02-17T13:23:24","guid":{"rendered":"https:\/\/zahnarzt-dippoldiswalde.de\/?page_id=294"},"modified":"2023-10-14T12:09:03","modified_gmt":"2023-10-14T10:09:03","slug":"impressum","status":"publish","type":"page","link":"https:\/\/zahnarzt-freital.info\/?page_id=294","title":{"rendered":"Impressum"},"content":{"rendered":"\n<p> <\/p>\n\n\n<p><!-- [if gte mso 10]>\n\n\n\n\n\n\n\n\n\n\n\n\n\n\n\n\n\n\n\n\n<style>\n \/* Style Definitions *\/\n table.MsoNormalTable\n\t{mso-style-name:\"Normale Tabelle\";\n\tmso-tstyle-rowband-size:0;\n\tmso-tstyle-colband-size:0;\n\tmso-style-noshow:yes;\n\tmso-style-priority:99;\n\tmso-style-parent:\"\";\n\tmso-padding-alt:0cm 5.4pt 0cm 5.4pt;\n\tmso-para-margin-top:0cm;\n\tmso-para-margin-right:0cm;\n\tmso-para-margin-bottom:10.0pt;\n\tmso-para-margin-left:0cm;\n\tline-height:115%;\n\tmso-pagination:widow-orphan;\n\tfont-size:11.0pt;\n\tfont-family:\"Calibri\",\"sans-serif\";\n\tmso-ascii-font-family:Calibri;\n\tmso-ascii-theme-font:minor-latin;\n\tmso-hansi-font-family:Calibri;\n\tmso-hansi-theme-font:minor-latin;\n\tmso-fareast-language:EN-US;}\n<\/style>\n\n\n\n\n\n\n\n\n\n\n\n\n\n\n\n\n\n\n\n\n<![endif]--><\/p>\n<p><strong>Zahnarztpraxis <\/strong><strong>Tania Mintcheva<\/strong><strong><br \/><\/strong>Brahmsstra\u00dfe 2<br \/>D-01705 Freital<\/p>\n<p><strong>Telefon: 0351 &#8211; 6494839<\/strong><strong><br \/><\/strong><strong>Fax:\u00a0 \u00a0 \u00a0 \u00a00351 \u2013<\/strong><strong> 6494846<\/strong><\/p>\n<p><strong>Email: 32smiles@zahnarzt-freital.info<\/strong><\/p>\n<p><strong>\u00a0<\/strong><\/p>\n<p><strong><br \/><\/strong><strong>\u00d6ffnungszeiten:<\/strong><strong><br \/><\/strong><strong>Montag:\u00a0 \u00a0 \u00a0 \u00a0 \u00a0 \u00a0 7:00 &#8211; 13:30 Uhr, nachmittags nach Vereinbarung<br \/><\/strong><\/p>\n<p><strong>Dienstag:\u00a0 \u00a0 \u00a0 \u00a0 \u00a0 \u00a07:00 &#8211; 12:00 Uhr und 13:00 &#8211; 18:00 Uhr<\/strong><\/p>\n<p><strong>Mitwoch:\u00a0 \u00a0 \u00a0 \u00a0 \u00a0 \u00a07:00 &#8211; 13:30 Uhr, nachmittags nach Vereinbarung<br \/><\/strong><\/p>\n<p><strong>Donnerstag:\u00a0 \u00a0 \u00a0 7:00 &#8211; 12:00 Uhr und 13:00 &#8211; 18:00 Uhr<\/strong><\/p>\n<p><strong>Freitag.:\u00a0 \u00a0 \u00a0 \u00a0 \u00a0 \u00a0 \u00a07:00 &#8211; 12:00 Uhr, nachmitt<\/strong><strong>ags nach Vereinbarung<\/strong><\/p>\n<p>\u00a0<\/p>\n<h4>Inhaltlich verantwortlich nach \u00a755 Abs. 2 RStV:<\/h4>\n<p>Tania Mintcheva<\/p>\n<p>Hosting: Strato AG<\/p>\n<h4>Berufsbezeichnung:<\/h4>\n<p>Zahn\u00e4rztin (verliehen in der Bundesrepublik Deutschland)<\/p>\n<h4>Zust\u00e4ndige Kammer:<\/h4>\n<p>Landeszahn\u00e4rztekammer Sachsen <br \/>Sch\u00fctzenh\u00f6he 11<br \/>01099 Dresden <br \/>Internet: <a href=\"http:\/\/www.zahnaerzte-in-sachsen.de\/start\/\">http:\/\/www.zahnaerzte-in-sachsen.de\/start\/<\/a><\/p>\n<h4>Zust\u00e4ndige Aufsichtsbeh\u00f6rde:<\/h4>\n<p>Kassenzahn\u00e4rztliche Vereinigung Sachsen<br \/>Sch\u00fctzenh\u00f6he 11<br \/>01099 Dresden <br \/>Internet: <a href=\"http:\/\/www.lzk-sachsen.de\/\">http:\/\/www.lzk-sachsen.de<\/a><\/p>\n<h4>Berufsrechtliche Regelungen:<\/h4>\n<p>Es gelten folgende berufsrechtliche Regelungen:<\/p>\n<ul>\n<li><strong>Heilberufe Kammergesetz<\/strong><\/li>\n<li><strong>Zahnheilkundegesetz<\/strong><\/li>\n<li><strong>Berufsordnung<\/strong><\/li>\n<li><strong>Geb\u00fchrenordnung f\u00fcr Zahn\u00e4rzte (GOZ)<\/strong><\/li>\n<\/ul>\n<p>Die oben genannten Regelungen sind einsehbar auf der Website der Landeszahn\u00e4rztekammer Sachsen im Men\u00fcpunkt <a href=\"http:\/\/www.zahnaerzte-in-sachsen.de\/zahnaerzte\/rechtsgrundlagen\/satzung_lzks\">\u201eRechtsgrundlagen &gt; Satzungen, Richtlinien der LZKSt\u201c<\/a>.<\/p>\n<p>Ab dem 15. Februar 2016 stellt die EU-Kommission eine Plattform f\u00fcr au\u00dfergerichtliche Streitschlichtung bereit. <br \/>Verbrauchern gibt dies die M\u00f6glichkeit, Streitigkeiten im Zusammenhang mit Ihrer Online-Bestellung zun\u00e4chst <br \/>ohne die Einschaltung eines Gerichts zu kl\u00e4ren. Die Plattform ist \u00fcber die Seite www.ec.europa.eu\/consumers\/odr <br \/>erreichbar.<\/p>\n<p>zur <a href=\"http:\/\/ec.europa.eu\/consumers\/odr\/\"><strong>Online-Plattform f\u00fcr Verbraucher-Streitschlichtung<\/strong><\/a><\/p>\n<p><strong>Haftungshinweis:<\/strong><\/p>\n<p>Die Inhalte unserer Seiten wurden mit gr\u00f6\u00dfter Sorgfalt erstellt. F\u00fcr die Richtigkeit, Vollst\u00e4ndigkeit und Aktualit\u00e4t der Inhalte k\u00f6nnen wir jedoch keine Gew\u00e4hr \u00fcbernehmen. Als Diensteanbieter sind wir gem\u00e4\u00df \u00a7 7 Abs.1 TMG f\u00fcr eigene Inhalte auf diesen Seiten nach den allgemeinen Gesetzen verantwortlich. Nach \u00a7\u00a7 8 bis 10 TMG sind wir als Diensteanbieter jedoch nicht verpflichtet, \u00fcbermittelte oder gespeicherte fremde Informationen zu \u00fcberwachen oder nach Umst\u00e4nden zu forschen, die auf eine rechtswidrige T\u00e4tigkeit hinweisen. Verpflichtungen zur Entfernung oder Sperrung der Nutzung von Informationen nach den allgemeinen Gesetzen bleiben hiervon unber\u00fchrt. Eine diesbez\u00fcgliche Haftung ist jedoch erst ab dem Zeitpunkt der Kenntnis einer konkreten Rechtsverletzung m\u00f6glich. Bei Bekanntwerden von entsprechenden Rechtsverletzungen werden wir diese Inhalte umgehend entfernen<\/p>\n<p>Trotz sorgf\u00e4ltiger inhaltlicher Kontrolle \u00fcbernehmen wir keine Haftung<br \/>f\u00fcr die Inhalte externer Links. F\u00fcr den Inhalt der verlinkten Seiten<br \/>sind ausschlie\u00dflich deren Betreiber verantwortlich.<\/p>\n<p><strong>Datenschutz<\/strong><br \/>Der Nutzung von im Rahmen der Impressumspflicht ver\u00f6ffentlichten Kontaktdaten durch Dritte zur \u00dcbersendung von nicht ausdr\u00fccklich angeforderter Werbung und Informationsmaterialien wird hiermit ausdr\u00fccklich widersprochen. Die Betreiber der Seiten behalten sich ausdr\u00fccklich rechtliche Schritte im Falle der unverlangten Zusendung von Werbeinformationen, etwa durch Spam-Mails, vor.<\/p>\n<h4>Urheber- und Kennzeichenrecht:<\/h4>\n<p>Alle innerhalb des Internetangebotes genannten und gegebenenfalls durch Dritte gesch\u00fctzten Marken- und Warenzeichen unterliegen uneingeschr\u00e4nkt den Bestimmungen des jeweils g\u00fcltigen Kennzeichenrechts und den Besitzrechten der jeweiligen eingetragenen Eigent\u00fcmer.<br \/>Das Copyright f\u00fcr ver\u00f6ffentlichte, vom Autor selbst erstellte Objekte bleibt allein beim Autor der Seiten. Eine Vervielf\u00e4ltigung oder Verwendung solcher Grafiken, Tondokumente, Videosequenzen und Texte in anderen elektronischen oder gedruckten Publikationen ist ohne ausdr\u00fcckliche Zustimmung des Autors nicht gestattet.<\/p>\n<p>\u00a0<\/p>\n<p><!-- \/wp:paragraph --><!--EndFragment--><\/p>\n<p>\u00a0<\/p>","protected":false},"excerpt":{"rendered":"<p>Zahnarztpraxis Tania MintchevaBrahmsstra\u00dfe 2D-01705 Freital Telefon: 0351 &#8211; 6494839Fax:\u00a0 \u00a0 \u00a0 \u00a00351 \u2013 6494846 Email: 32smiles@zahnarzt-freital.info \u00a0 \u00d6ffnungszeiten:Montag:\u00a0 \u00a0 \u00a0 \u00a0 \u00a0 \u00a0 7:00 &#8211; 13:30 Uhr, nachmittags nach Vereinbarung Dienstag:\u00a0 \u00a0 \u00a0 \u00a0 \u00a0 \u00a07:00 &#8211; 12:00 Uhr und 13:00 &#8211; 18:00 Uhr Mitwoch:\u00a0 \u00a0 \u00a0 \u00a0 \u00a0 \u00a07:00 &#8211; 13:30 Uhr, nachmittags nach&#8230; <\/p>\n","protected":false},"author":1,"featured_media":0,"parent":0,"menu_order":0,"comment_status":"closed","ping_status":"closed","template":"no-sidebar.php","meta":{"_monsterinsights_skip_tracking":false,"_monsterinsights_sitenote_active":false,"_monsterinsights_sitenote_note":"","_monsterinsights_sitenote_category":0,"footnotes":""},"amp_enabled":false,"_links":{"self":[{"href":"https:\/\/zahnarzt-freital.info\/index.php?rest_route=\/wp\/v2\/pages\/294"}],"collection":[{"href":"https:\/\/zahnarzt-freital.info\/index.php?rest_route=\/wp\/v2\/pages"}],"about":[{"href":"https:\/\/zahnarzt-freital.info\/index.php?rest_route=\/wp\/v2\/types\/page"}],"author":[{"embeddable":true,"href":"https:\/\/zahnarzt-freital.info\/index.php?rest_route=\/wp\/v2\/users\/1"}],"replies":[{"embeddable":true,"href":"https:\/\/zahnarzt-freital.info\/index.php?rest_route=%2Fwp%2Fv2%2Fcomments&post=294"}],"version-history":[{"count":24,"href":"https:\/\/zahnarzt-freital.info\/index.php?rest_route=\/wp\/v2\/pages\/294\/revisions"}],"predecessor-version":[{"id":1078,"href":"https:\/\/zahnarzt-freital.info\/index.php?rest_route=\/wp\/v2\/pages\/294\/revisions\/1078"}],"wp:attachment":[{"href":"https:\/\/zahnarzt-freital.info\/index.php?rest_route=%2Fwp%2Fv2%2Fmedia&parent=294"}],"curies":[{"name":"wp","href":"https:\/\/api.w.org\/{rel}","templated":true}]}}