{"id":327,"date":"2020-02-19T13:10:19","date_gmt":"2020-02-19T13:10:19","guid":{"rendered":"https:\/\/zahnarzt-dippoldiswalde.de\/?page_id=327"},"modified":"2024-01-13T12:42:33","modified_gmt":"2024-01-13T11:42:33","slug":"about-services","status":"publish","type":"page","link":"https:\/\/zahnarzt-freital.info\/?page_id=327","title":{"rendered":"Schmerzbehandlung"},"content":{"rendered":"\n<h3 class=\"wp-block-heading\"><strong>Schnelle Hilfe mit Not-Termin f\u00fcr Stammpatienten<\/strong><\/h3>\n\n\n\n<p> Schmerzpatienten haben bei uns Vorfahrt.\u00a0 Bitte wenden Sie sich an unsere Zahnarzt-Praxis in Freital unter dieser Emal-Adresse &#8211; 32smiles@zahnarzt-freital.info.  Das erleichtert und optimiert den Ablauf in der Praxis.  Wir versuchen es noch am gleichen Tag einen <strong>Not-Termin<\/strong> zu organisieren. Planen  Sie in diesem Fall aber etwas Wartezeit mit ein. Wir helfen Ihnen  schnellstm\u00f6glich.  Au\u00dferhalb unserer Sprechzeiten kontaktieren Sie bitte den zahn\u00e4rztlichen Notdienst  (<a href=\"http:\/\/www.zahnaerzte-in-sachsen.de\" target=\"_blank\" rel=\"noreferrer noopener\" title=\"www.zahnaerzte-in-sachsen.de\">www.zahnaerzte-in-sachsen.de<\/a>) .<\/p>\n\n\n\n<h3 class=\"wp-block-heading\"><strong>Weniger dringliche F\u00e4lle<\/strong><\/h3>\n\n\n\n<p><\/p>\n\n\n\n<p>Deuten sich Zahnschmerzen schon an,  bedarf es in der Regel immer einer akuten Versorgung durch den Zahnarzt.  Schmerzen sind ein wichtiges Signal, das auf krankhafte Ver\u00e4nderungen der Z\u00e4hne oder des Kiefers hinweisen kann. Z\u00f6gern Sie nicht, einen kurzfristigen Termin  auszumachen.   <\/p>\n\n\n\n<p>Sie m\u00f6chten angerufen werden, falls ein Patient absagt und Sie einen fr\u00fcheren Termin bekommen k\u00f6nnen?<br> <strong>Wir benachrichtigen Sie gerne!<\/strong> <\/p>\n\n\n\n<div class=\"homecontact-left\" style=\"width:width;\"> \n\t\t\t<h2 class=\"section_title\">Kontaktieren Sie uns<\/h2>\n\t\t\t<div role=\"form\" class=\"wpcf7\" id=\"wpcf7-f485-o1\" lang=\"de-DE\" dir=\"ltr\">\n<div class=\"screen-reader-response\"><p role=\"status\" aria-live=\"polite\" aria-atomic=\"true\"><\/p> <ul><\/ul><\/div>\n<form action=\"\/index.php?rest_route=%2Fwp%2Fv2%2Fpages%2F327#wpcf7-f485-o1\" method=\"post\" class=\"wpcf7-form init\" novalidate=\"novalidate\" data-status=\"init\">\n<div style=\"display: none;\">\n<input type=\"hidden\" name=\"_wpcf7\" value=\"485\" \/>\n<input type=\"hidden\" name=\"_wpcf7_version\" value=\"5.5.6\" \/>\n<input type=\"hidden\" name=\"_wpcf7_locale\" value=\"de_DE\" \/>\n<input type=\"hidden\" name=\"_wpcf7_unit_tag\" value=\"wpcf7-f485-o1\" \/>\n<input type=\"hidden\" name=\"_wpcf7_container_post\" value=\"0\" \/>\n<input type=\"hidden\" name=\"_wpcf7_posted_data_hash\" value=\"\" \/>\n<\/div>\n<p><label> Name: (Pflichtfeld)<br \/>\n    <span class=\"wpcf7-form-control-wrap your-name\"><input type=\"text\" name=\"your-name\" value=\"\" size=\"40\" class=\"wpcf7-form-control wpcf7-text wpcf7-validates-as-required\" aria-required=\"true\" aria-invalid=\"false\" \/><\/span> <\/label><\/p>\n<p><label> E-Mail-Adresse: (Pflichtfeld)<br \/>\n    <span class=\"wpcf7-form-control-wrap your-email\"><input type=\"email\" name=\"your-email\" value=\"\" size=\"40\" class=\"wpcf7-form-control wpcf7-text wpcf7-email wpcf7-validates-as-required wpcf7-validates-as-email\" aria-required=\"true\" aria-invalid=\"false\" \/><\/span> <\/label><\/p>\n<p><label> Betreff:<br \/>\n    <span class=\"wpcf7-form-control-wrap your-subject\"><input type=\"text\" name=\"your-subject\" value=\"\" size=\"40\" class=\"wpcf7-form-control wpcf7-text\" aria-invalid=\"false\" \/><\/span> <\/label><\/p>\n<p><label> Nachricht:<br \/>\n    <span class=\"wpcf7-form-control-wrap your-message\"><textarea name=\"your-message\" cols=\"40\" rows=\"10\" class=\"wpcf7-form-control wpcf7-textarea\" aria-invalid=\"false\"><\/textarea><\/span> <\/label><\/p>\n<p><input type=\"submit\" value=\"Senden\" class=\"wpcf7-form-control has-spinner wpcf7-submit\" \/><\/p>\n<p style=\"display: none !important;\"><label>&#916;<textarea name=\"_wpcf7_ak_hp_textarea\" cols=\"45\" rows=\"8\" maxlength=\"100\"><\/textarea><\/label><input type=\"hidden\" id=\"ak_js_1\" name=\"_wpcf7_ak_js\" value=\"92\"\/><script>document.getElementById( \"ak_js_1\" ).setAttribute( \"value\", ( new Date() ).getTime() );<\/script><\/p><div class=\"wpcf7-response-output\" aria-hidden=\"true\"><\/div><\/form><\/div> <\/div>\n","protected":false},"excerpt":{"rendered":"<p>Schnelle Hilfe mit Not-Termin f\u00fcr Stammpatienten Schmerzpatienten haben bei uns Vorfahrt.\u00a0 Bitte wenden Sie sich an unsere Zahnarzt-Praxis in Freital unter dieser Emal-Adresse &#8211; 32smiles@zahnarzt-freital.info. Das erleichtert und optimiert den Ablauf in der Praxis. Wir versuchen es noch am gleichen Tag einen Not-Termin zu organisieren. Planen Sie in diesem Fall aber etwas Wartezeit mit ein&#8230;. <\/p>\n","protected":false},"author":1,"featured_media":0,"parent":0,"menu_order":0,"comment_status":"closed","ping_status":"closed","template":"full-width.php","meta":{"_monsterinsights_skip_tracking":false,"_monsterinsights_sitenote_active":false,"_monsterinsights_sitenote_note":"","_monsterinsights_sitenote_category":0,"footnotes":""},"amp_enabled":false,"_links":{"self":[{"href":"https:\/\/zahnarzt-freital.info\/index.php?rest_route=\/wp\/v2\/pages\/327"}],"collection":[{"href":"https:\/\/zahnarzt-freital.info\/index.php?rest_route=\/wp\/v2\/pages"}],"about":[{"href":"https:\/\/zahnarzt-freital.info\/index.php?rest_route=\/wp\/v2\/types\/page"}],"author":[{"embeddable":true,"href":"https:\/\/zahnarzt-freital.info\/index.php?rest_route=\/wp\/v2\/users\/1"}],"replies":[{"embeddable":true,"href":"https:\/\/zahnarzt-freital.info\/index.php?rest_route=%2Fwp%2Fv2%2Fcomments&post=327"}],"version-history":[{"count":36,"href":"https:\/\/zahnarzt-freital.info\/index.php?rest_route=\/wp\/v2\/pages\/327\/revisions"}],"predecessor-version":[{"id":1163,"href":"https:\/\/zahnarzt-freital.info\/index.php?rest_route=\/wp\/v2\/pages\/327\/revisions\/1163"}],"wp:attachment":[{"href":"https:\/\/zahnarzt-freital.info\/index.php?rest_route=%2Fwp%2Fv2%2Fmedia&parent=327"}],"curies":[{"name":"wp","href":"https:\/\/api.w.org\/{rel}","templated":true}]}}