{"id":330,"date":"2020-02-19T13:10:39","date_gmt":"2020-02-19T13:10:39","guid":{"rendered":"https:\/\/zahnarzt-dippoldiswalde.de\/?page_id=330"},"modified":"2024-01-13T12:30:22","modified_gmt":"2024-01-13T11:30:22","slug":"happy-smiling-1","status":"publish","type":"page","link":"https:\/\/zahnarzt-freital.info\/?page_id=330","title":{"rendered":"Endodontie \/ F\u00fcllungstherapie"},"content":{"rendered":"\n<ul>\n<li>Eine\u00a0Wurzelkanalbehandlung\u00a0erfordert viel Pr\u00e4zision aber Ihr nat\u00fcrlicher Zahn wird erhalten und steht fest am Platz. <\/li>\n<\/ul>\n\n\n\n<ul>\n<li>Wenn wir Z\u00e4hne teilweise ersetzen oder f\u00fcllen m\u00fcssen, haben wir vor allem zwei Aspekte im Blick: <strong>Funktion und \u00c4sthetik<\/strong> der neuen Zahnsubstanz m\u00fcssen zu Ihnen passen.&nbsp;<\/li>\n<\/ul>\n\n\n\n<figure class=\"wp-block-gallery has-nested-images columns-default is-cropped wp-block-gallery-1 is-layout-flex wp-block-gallery-is-layout-flex\">\n<figure class=\"wp-block-image size-large\"><img loading=\"lazy\" decoding=\"async\" width=\"862\" height=\"575\" data-id=\"1027\" src=\"https:\/\/zahnarzt-freital.info\/wp-content\/uploads\/2023\/01\/parodontologie-1.jpg\" alt=\"\" class=\"wp-image-1027\" srcset=\"https:\/\/zahnarzt-freital.info\/wp-content\/uploads\/2023\/01\/parodontologie-1.jpg 862w, https:\/\/zahnarzt-freital.info\/wp-content\/uploads\/2023\/01\/parodontologie-1-450x300.jpg 450w, https:\/\/zahnarzt-freital.info\/wp-content\/uploads\/2023\/01\/parodontologie-1-225x150.jpg 225w, https:\/\/zahnarzt-freital.info\/wp-content\/uploads\/2023\/01\/parodontologie-1-768x512.jpg 768w\" sizes=\"(max-width: 862px) 100vw, 862px\" \/><\/figure>\n<\/figure>\n\n\n\n<p><\/p>\n\n\n\n<h2 class=\"wp-block-heading\"><strong>F\u00fcllungstherapie<\/strong> <\/h2>\n\n\n\n<p>Um einen kari\u00f6sen Zahn mit einer ad\u00e4quaten F\u00fcllung versorgen zu k\u00f6nnen, muss zun\u00e4chst die erkrankte Zahnsubstanz entfernt werden. Der Karies wird sorgf\u00e4ltig entfernt. Von der Zahnsubstanz soll dabei so viel wie m\u00f6glich erhalten werden. Jedoch ist nicht nur die Entfernung der kari\u00f6sen Substanz notwendig, sondern auch die Ber\u00fccksichtigung der Art der F\u00fcllung.<\/p>\n\n\n\n<p>In unserer Praxis wird <strong>kein<\/strong> Amalgam (Silber-Quecksilber-Gemisch) verwendet.<\/p>\n\n\n\n<p>Komposit-F\u00fcllungen werden sowohl zur Restauration von kleinen Defekten im Front- und Schneidezahnbereich wie f\u00fcr gr\u00f6\u00dfere Kavit\u00e4ten eingesetzt.<\/p>\n\n\n\n<p>Moderne und hochwertige Komposite&nbsp;bestehen aus einem Kunststoff-Keramik-Gemisch und sind \u00e4sthetisch wie belastungsf\u00e4hig. Die Farbe der F\u00fcllung wird individuell bestimmt, sodass diese sogar bei genauerem Hinsehen kaum vom Zahn zu unterscheiden ist.<\/p>\n\n\n\n<p>In unserer Praxis in Freital&nbsp;verwenden wir ausschlie\u00dflich moderne und erprobte Materialien, um Ihren Zahn&nbsp;zur urspr\u00fcnglichen Form zu rekonstruieren, und erlangen so seine nat\u00fcrliche \u00c4sthetik und Funktion zur\u00fcck.<\/p>\n\n\n\n<h2 class=\"wp-block-heading\"><strong>Endodontie<\/strong><\/h2>\n\n\n\n<p>Unsere Philosophie ist es, die nat\u00fcrlichen Z\u00e4hne so lange wie m\u00f6glich zu erhalten. Das gilt auch dann, wenn der Nerv erkrankt ist (durch Karies, Trauma oder \u00dcberbelastung) und\/oder eine umfangreiche Wurzelkanalbehandlung\u00a0 (Endodontie) notwendig ist. <\/p>\n\n\n\n<p>Durch eine Wurzelkanalbehandlung ist es m\u00f6glich, abgestorbene nat\u00fcrliche Z\u00e4hne zu retten.<\/p>\n\n\n\n<p>Sie bleiben&nbsp;im Knochen verankert&nbsp;und k\u00f6nnen auch als Pfeiler f\u00fcr Zahnersatz genutzt werden.<\/p>\n\n\n\n<p>Bei einer solchen endodontischen Behandlung in unserer Zahnarztpraxis in Freital wird der entz\u00fcndete Zahnnerv behandelt. Wir arbeiten&nbsp;unter lokaler Bet\u00e4ubung, dies ist f\u00fcr die meisten Patienten praktisch schmerzfrei.&nbsp; Eine Wurzelbehandlung ist sehr anspruchsvoll und zeitaufwendig, sehr oft sind auch mehrere Sitzungen notwendig.<\/p>\n\n\n\n<p>Entscheidend f\u00fcr den Erfolg der Behandlung ist zun\u00e4chst, alle Wurzelkan\u00e4le perfekt aufzubereiten und zu desinfizieren. Anschlie\u00dfend werden die Kan\u00e4le zum Schutz gegen Bakterien antiseptisch gef\u00fcllt und dicht verschlossen.<\/p>\n\n\n\n<p>Damit Sie wissen, was Sie erwartet, besprechen wir die einzelnen Behandlungsschritte&nbsp;detailliert zusammen. So k\u00f6nnen Sie und wir genau planen.<\/p>\n\n\n\n<p>Eine Nachsorge ist f\u00fcr den Erfolg der Behandlung sehr\nwichtig. Deshalb geh\u00f6rt eine Kontrolle der erfolgreich durchgef\u00fchrten\nWurzelkanalbehandlung zum festen Bestandteil jedes weiteren Besuchs in unserer\nPraxis. An die regelm\u00e4\u00dfigen Termine erinnern wir Sie gern auch per Telefon. <\/p>\n\n\n\n<p>Sprechen Sie uns an \u2013 wir beraten Sie gern!<\/p>\n\n\n\n<p>.<\/p>\n\n\n\n<p><\/p>\n\n\n\n<p><\/p>\n\n\n","protected":false},"excerpt":{"rendered":"<p>F\u00fcllungstherapie Um einen kari\u00f6sen Zahn mit einer ad\u00e4quaten F\u00fcllung versorgen zu k\u00f6nnen, muss zun\u00e4chst die erkrankte Zahnsubstanz entfernt werden. Der Karies wird sorgf\u00e4ltig entfernt. Von der Zahnsubstanz soll dabei so viel wie m\u00f6glich erhalten werden. Jedoch ist nicht nur die Entfernung der kari\u00f6sen Substanz notwendig, sondern auch die Ber\u00fccksichtigung der Art der F\u00fcllung. In unserer&#8230; <\/p>\n","protected":false},"author":1,"featured_media":0,"parent":0,"menu_order":0,"comment_status":"closed","ping_status":"closed","template":"full-width.php","meta":{"_monsterinsights_skip_tracking":false,"_monsterinsights_sitenote_active":false,"_monsterinsights_sitenote_note":"","_monsterinsights_sitenote_category":0,"footnotes":""},"amp_enabled":true,"_links":{"self":[{"href":"https:\/\/zahnarzt-freital.info\/index.php?rest_route=\/wp\/v2\/pages\/330"}],"collection":[{"href":"https:\/\/zahnarzt-freital.info\/index.php?rest_route=\/wp\/v2\/pages"}],"about":[{"href":"https:\/\/zahnarzt-freital.info\/index.php?rest_route=\/wp\/v2\/types\/page"}],"author":[{"embeddable":true,"href":"https:\/\/zahnarzt-freital.info\/index.php?rest_route=\/wp\/v2\/users\/1"}],"replies":[{"embeddable":true,"href":"https:\/\/zahnarzt-freital.info\/index.php?rest_route=%2Fwp%2Fv2%2Fcomments&post=330"}],"version-history":[{"count":55,"href":"https:\/\/zahnarzt-freital.info\/index.php?rest_route=\/wp\/v2\/pages\/330\/revisions"}],"predecessor-version":[{"id":1153,"href":"https:\/\/zahnarzt-freital.info\/index.php?rest_route=\/wp\/v2\/pages\/330\/revisions\/1153"}],"wp:attachment":[{"href":"https:\/\/zahnarzt-freital.info\/index.php?rest_route=%2Fwp%2Fv2%2Fmedia&parent=330"}],"curies":[{"name":"wp","href":"https:\/\/api.w.org\/{rel}","templated":true}]}}