{"id":333,"date":"2020-02-19T13:10:54","date_gmt":"2020-02-19T13:10:54","guid":{"rendered":"https:\/\/zahnarzt-dippoldiswalde.de\/?page_id=333"},"modified":"2024-01-13T12:41:37","modified_gmt":"2024-01-13T11:41:37","slug":"happy-smiling-2","status":"publish","type":"page","link":"https:\/\/zahnarzt-freital.info\/?page_id=333","title":{"rendered":"Prothetik \/ Implantatprothetik"},"content":{"rendered":"\n<ul>\n<li>Unser Bestreben ist es stets Zahnersatz kosmetisch und funktionell von nat\u00fcrlichen Z\u00e4hnen ununterscheidbar zu machen. <\/li>\n<\/ul>\n\n\n\n<ul>\n<li>Unser Leistungsspektrum in der Prothetik reicht von Kronen und Br\u00fccken, \u00fcber Prothesen, bis hin zu umfangreichen implantatprothetischen Restaurarionen und Neuversorgung. <\/li>\n<\/ul>\n\n\n\n<figure class=\"wp-block-image size-full\"><img loading=\"lazy\" decoding=\"async\" width=\"785\" height=\"523\" src=\"https:\/\/zahnarzt-freital.info\/wp-content\/uploads\/2023\/01\/parodontologieTM-1.jpg\" alt=\"\" class=\"wp-image-1024\" srcset=\"https:\/\/zahnarzt-freital.info\/wp-content\/uploads\/2023\/01\/parodontologieTM-1.jpg 785w, https:\/\/zahnarzt-freital.info\/wp-content\/uploads\/2023\/01\/parodontologieTM-1-450x300.jpg 450w, https:\/\/zahnarzt-freital.info\/wp-content\/uploads\/2023\/01\/parodontologieTM-1-225x150.jpg 225w, https:\/\/zahnarzt-freital.info\/wp-content\/uploads\/2023\/01\/parodontologieTM-1-768x512.jpg 768w\" sizes=\"(max-width: 785px) 100vw, 785px\" \/><\/figure>\n\n\n\n<p><\/p>\n\n\n\n<h2 class=\"wp-block-heading\">Prothetik \/ Zahnersatz:<\/h2>\n\n\n\n<p>Wenn Z\u00e4hne verloren gehen empfiehlt es sich, zeitnah die L\u00fccke zu schlie\u00dfen.&nbsp;Auf diese Weise werden Kaufunktion, \u00c4sthetik und Aussprache wiederhergestellt.<\/p>\n\n\n\n<p>Bei Verlust mehrerer Z\u00e4hne k\u00f6nnen in Abh\u00e4ngigkeit von der jeweiligen Situation festsitzender Zahnersatz (Kronen- und Br\u00fccken), herausnehmbarer Zahnersatz (Teilprothesen, Vollprothesen) oder eine Kombination aus beiden Zahnersatzformen notwendig werden.<\/p>\n\n\n\n<p>Guter Zahnersatz sollte sich harmonisch in Ihren Zusammenbiss einf\u00fcgen und somit<a href=\"https:\/\/de.wikipedia.org\/wiki\/Kraniomandibul%C3%A4re_Dysfunktion\"> Kiefergelekprobleme<\/a> vorbeugen. Durch st\u00e4ndige Fortbildungen erfolgt die Behandlung bei uns nach aktuellsten wissenschaftlichen und medizinischen  Standards. Dank moderner Materialien und Verfahren kann Zahnersatz nahezu so \u00e4sthetisch und nat\u00fcrlich wirken wie Ihre eigenen Z\u00e4hne.<\/p>\n\n\n\n<p>Die korrekte Pflege und Mundhygiene sowie regelm\u00e4\u00dfige Kontrollen durch den Zahnarzt sind unerl\u00e4sslich f\u00fcr eine lange Haltbarkeit Ihres Zahnersatzes. Hilfe und Tipps zu Pflege bekommen Sie auch von unserer \u00a0Prophylaxe-Expertin.<\/p>\n\n\n\n<p>Wir besprechen gern mit Ihnen Behandlungsablauf, alternative\nBehandlungsmethoden und Kosten. Sie erhalten au\u00dferdem einen schriftlichen\nKostenvoranschlag, wobei wir sehr darauf achten, ihren Eigenanteil m\u00f6glichst\nexakt im Voraus zu berechnen. Gemeinsam finden&nbsp;\nwir mit Ihnen die passende L\u00f6sung. <\/p>\n\n\n\n<h2 class=\"wp-block-heading\">Implantat-Prothetik <\/h2>\n\n\n\n<p>Implantate werden anstelle der eigenen Z\u00e4hne im Kiefer verankert. Diese hochwertigen, aus Titan oder Keramik gefertigten Kunstwurzeln verwachsen fest mit dem Knochen und \u00e4hneln in ihrem Aussehen, ihrer Funktionalit\u00e4t und Stabilit\u00e4t nat\u00fcrlichen Z\u00e4hnen. So kann beispielsweise festsitzender oder herausnehmbarer Zahnersatz auf Implantaten verankert werden.<\/p>\n\n\n\n<p>Bei umfangreichem Zahnverlust war bisher eine herausnehmbare Prothese das konventionelle Therapiemittel. Implantate k\u00f6nnen heute&nbsp;als Ersatz f\u00fcr einzelne und mehrere fehlende Z\u00e4hne oder gar f\u00fcr den Ersatz ganzer Zahnreihen verwendet werden. Voraussetzung daf\u00fcr ist eine ausreichende Knochenst\u00e4rke und eine gute, allgemeine Gesundheit. Durch Implantate erreicht man eine bessere \u00c4sthetik und perfekten Halt des Zahnersatzes.<\/p>\n\n\n\n<p>Die Entscheidung f\u00fcr ein Implantat kann die gesunde Zahnsubstanz schonen und den Kieferknochen vor weiterem Abbau&nbsp;sch\u00fctzen.&nbsp;<\/p>\n\n\n\n<p>In unserer Zahnarztpraxis in Freital beraten wir Sie gern rund um das Thema Zahnersatz.<\/p>\n\n\n","protected":false},"excerpt":{"rendered":"<p>Prothetik \/ Zahnersatz: Wenn Z\u00e4hne verloren gehen empfiehlt es sich, zeitnah die L\u00fccke zu schlie\u00dfen.&nbsp;Auf diese Weise werden Kaufunktion, \u00c4sthetik und Aussprache wiederhergestellt. Bei Verlust mehrerer Z\u00e4hne k\u00f6nnen in Abh\u00e4ngigkeit von der jeweiligen Situation festsitzender Zahnersatz (Kronen- und Br\u00fccken), herausnehmbarer Zahnersatz (Teilprothesen, Vollprothesen) oder eine Kombination aus beiden Zahnersatzformen notwendig werden. Guter Zahnersatz sollte sich&#8230; <\/p>\n","protected":false},"author":1,"featured_media":0,"parent":0,"menu_order":0,"comment_status":"closed","ping_status":"closed","template":"full-width.php","meta":{"_monsterinsights_skip_tracking":false,"_monsterinsights_sitenote_active":false,"_monsterinsights_sitenote_note":"","_monsterinsights_sitenote_category":0,"footnotes":""},"amp_enabled":false,"_links":{"self":[{"href":"https:\/\/zahnarzt-freital.info\/index.php?rest_route=\/wp\/v2\/pages\/333"}],"collection":[{"href":"https:\/\/zahnarzt-freital.info\/index.php?rest_route=\/wp\/v2\/pages"}],"about":[{"href":"https:\/\/zahnarzt-freital.info\/index.php?rest_route=\/wp\/v2\/types\/page"}],"author":[{"embeddable":true,"href":"https:\/\/zahnarzt-freital.info\/index.php?rest_route=\/wp\/v2\/users\/1"}],"replies":[{"embeddable":true,"href":"https:\/\/zahnarzt-freital.info\/index.php?rest_route=%2Fwp%2Fv2%2Fcomments&post=333"}],"version-history":[{"count":56,"href":"https:\/\/zahnarzt-freital.info\/index.php?rest_route=\/wp\/v2\/pages\/333\/revisions"}],"predecessor-version":[{"id":1162,"href":"https:\/\/zahnarzt-freital.info\/index.php?rest_route=\/wp\/v2\/pages\/333\/revisions\/1162"}],"wp:attachment":[{"href":"https:\/\/zahnarzt-freital.info\/index.php?rest_route=%2Fwp%2Fv2%2Fmedia&parent=333"}],"curies":[{"name":"wp","href":"https:\/\/api.w.org\/{rel}","templated":true}]}}