{"id":336,"date":"2020-02-19T13:11:09","date_gmt":"2020-02-19T13:11:09","guid":{"rendered":"https:\/\/zahnarzt-dippoldiswalde.de\/?page_id=336"},"modified":"2024-01-13T12:38:29","modified_gmt":"2024-01-13T11:38:29","slug":"happy-smiling-3","status":"publish","type":"page","link":"https:\/\/zahnarzt-freital.info\/?page_id=336","title":{"rendered":"Parodontologie"},"content":{"rendered":"\n<ul>\n<li>Professionelle&nbsp;<strong>Parodontitis-Behandlung<\/strong>&nbsp;ist f\u00fcr langfristig sicheren Halt Ihrer Z\u00e4hne notwendig.<\/li>\n\n\n\n<li>Wir bek\u00e4mpfen die Bakterien damit Ihre Z\u00e4hne fest verankert bleiben und setzen Piezo-Surgery Technologie (Mactron)  entz\u00fcndungshemmend bei einem breiten Therapiespektrum ein.<\/li>\n<\/ul>\n\n\n\n<figure class=\"wp-block-gallery has-nested-images columns-default is-cropped wp-block-gallery-1 is-layout-flex wp-block-gallery-is-layout-flex\">\n<figure class=\"wp-block-image size-large\"><img loading=\"lazy\" decoding=\"async\" width=\"785\" height=\"523\" data-id=\"1024\" src=\"https:\/\/zahnarzt-freital.info\/wp-content\/uploads\/2023\/01\/parodontologieTM-1.jpg\" alt=\"\" class=\"wp-image-1024\" srcset=\"https:\/\/zahnarzt-freital.info\/wp-content\/uploads\/2023\/01\/parodontologieTM-1.jpg 785w, https:\/\/zahnarzt-freital.info\/wp-content\/uploads\/2023\/01\/parodontologieTM-1-450x300.jpg 450w, https:\/\/zahnarzt-freital.info\/wp-content\/uploads\/2023\/01\/parodontologieTM-1-225x150.jpg 225w, https:\/\/zahnarzt-freital.info\/wp-content\/uploads\/2023\/01\/parodontologieTM-1-768x512.jpg 768w\" sizes=\"(max-width: 785px) 100vw, 785px\" \/><\/figure>\n<\/figure>\n\n\n\n<p><\/p>\n\n\n\n<h2 class=\"wp-block-heading\">Parodontitis:<\/h2>\n\n\n\n<p>\u00dcber 40 % aller erwachsenen Menschen leiden unter Parodontitis. Die Zahnfleischentz\u00fcndung gilt als eine Volkskrankheit. Oft wird diese viel zu sp\u00e4t vom Patienten bemerkt.\u00a0Erste Anzeichen k\u00f6nnen Zahnfleischbluten sein, das oft ignoriert wird. Dabei k\u00f6nnen die Folgen einer Parodontitis schwerwiegend sein: Durch Bakterienbefall entz\u00fcndet sich das Zahnfleisch und der Zahnhalteapparat, es kommt zu Schwellungen und Blutungen und sp\u00e4ter zum Zahnausfall. Bakterien k\u00f6nnen in den Blutkreislauf gelangen wodurch das Risiko f\u00fcr Herzerkrankungen und Diabetes steigt. Parodontose ist eine chronische Erkrankung, die lebenslang anh\u00e4lt. Wird\u00a0sie fr\u00fch erkannt und konsequent behandelt, sind die Erfolgschancen sehr gut.<\/p>\n\n\n\n<h2 class=\"wp-block-heading\">Behandlung<\/h2>\n\n\n\n<p>Da es sich bei der Parodontitis um eine chronische Erkrankung handelt, sind regelm\u00e4\u00dfige Kontrolluntersuchungen und Nachreinigungen im Sinne der Professionellen Zahnreinigung mehrfach im Jahr anzuraten.<\/p>\n\n\n\n<p>F\u00fcr eine nachhaltige Parodontose-Behandlung muss der Bakterienbefall in der Mundh\u00f6hle bek\u00e4mpft werden. Jede Behandlungsstrategie wird daher individuell auf den Zahnfleischbefund des Patienten angepasst. Ziel der Therapie ist die gr\u00fcndliche und schonende Reinigung der Zahnoberfl\u00e4chen und der Zahnfleischtaschen, Verlangsamen oder sogar Stoppen des Knochenabbaus und weitere Zahnlockerung. So bleiben die Z\u00e4hne l\u00e4nger erhalten und k\u00f6nnen sich h\u00e4ufig festigen.<\/p>\n\n\n\n<p>Konventionelle Strategien der Parodontose-Behandlung konzentrieren sich zun\u00e4chst auf die Vorbehandlung durch professionelle\u00a0 Zahnreinigung und die  Entfernung bakteriellen Nischen:\u00a0 Karies, insuffiziente F\u00fcllungen, Wurzelbehandlungen. Danach erfolgt\u00a0 die Tiefenreinigung der Zahnfleischtaschen durch den Zahnarzt. In manchen F\u00e4llen ist es auch sinnvoll, Desinfektions-\/Antibiotika-Gele lokal zu verwenden, um vor allem therapieresistente Bakterien abzut\u00f6ten.\u00a0Wir setzen in unserer Praxis in Freital als zus\u00e4tzliche Unterst\u00fctzung der Behandlung auch Piezo-Surgery Technologie (Mactron) zur Keimreduktion der Zahnfleischtaschen ein.<\/p>\n\n\n\n<p>Nach der Therapie ist eine sehr gute h\u00e4usliche Mundhygiene entscheidend f\u00fcr den dauerhaften Erfolg. Dabei beraten wir Sie gern! Da es sich bei der Parodontitis um eine chronische Erkrankung handelt, sind regelm\u00e4\u00dfige Kontrolluntersuchungen und Nachreinigungen im Sinne der Professionellen Zahnreinigung mehrfach im Jahr anzuraten. <\/p>\n\n\n\n<p>In unserer Zahnarztpraxis in Freital beraten wir Sie gern rund um das Thema Parodontitis.<\/p>\n\n\n\n<p><\/p>\n\n\n","protected":false},"excerpt":{"rendered":"<p>Parodontitis: \u00dcber 40 % aller erwachsenen Menschen leiden unter Parodontitis. Die Zahnfleischentz\u00fcndung gilt als eine Volkskrankheit. Oft wird diese viel zu sp\u00e4t vom Patienten bemerkt.\u00a0Erste Anzeichen k\u00f6nnen Zahnfleischbluten sein, das oft ignoriert wird. Dabei k\u00f6nnen die Folgen einer Parodontitis schwerwiegend sein: Durch Bakterienbefall entz\u00fcndet sich das Zahnfleisch und der Zahnhalteapparat, es kommt zu Schwellungen und&#8230; <\/p>\n","protected":false},"author":1,"featured_media":0,"parent":0,"menu_order":0,"comment_status":"closed","ping_status":"closed","template":"full-width.php","meta":{"_monsterinsights_skip_tracking":false,"_monsterinsights_sitenote_active":false,"_monsterinsights_sitenote_note":"","_monsterinsights_sitenote_category":0,"footnotes":""},"amp_enabled":false,"_links":{"self":[{"href":"https:\/\/zahnarzt-freital.info\/index.php?rest_route=\/wp\/v2\/pages\/336"}],"collection":[{"href":"https:\/\/zahnarzt-freital.info\/index.php?rest_route=\/wp\/v2\/pages"}],"about":[{"href":"https:\/\/zahnarzt-freital.info\/index.php?rest_route=\/wp\/v2\/types\/page"}],"author":[{"embeddable":true,"href":"https:\/\/zahnarzt-freital.info\/index.php?rest_route=\/wp\/v2\/users\/1"}],"replies":[{"embeddable":true,"href":"https:\/\/zahnarzt-freital.info\/index.php?rest_route=%2Fwp%2Fv2%2Fcomments&post=336"}],"version-history":[{"count":49,"href":"https:\/\/zahnarzt-freital.info\/index.php?rest_route=\/wp\/v2\/pages\/336\/revisions"}],"predecessor-version":[{"id":1158,"href":"https:\/\/zahnarzt-freital.info\/index.php?rest_route=\/wp\/v2\/pages\/336\/revisions\/1158"}],"wp:attachment":[{"href":"https:\/\/zahnarzt-freital.info\/index.php?rest_route=%2Fwp%2Fv2%2Fmedia&parent=336"}],"curies":[{"name":"wp","href":"https:\/\/api.w.org\/{rel}","templated":true}]}}