{"id":340,"date":"2020-02-19T13:11:50","date_gmt":"2020-02-19T13:11:50","guid":{"rendered":"https:\/\/zahnarzt-dippoldiswalde.de\/?page_id=340"},"modified":"2024-05-14T13:13:17","modified_gmt":"2024-05-14T11:13:17","slug":"happy-smiling-4","status":"publish","type":"page","link":"https:\/\/zahnarzt-freital.info\/?page_id=340","title":{"rendered":"Kinder und Jugedliche"},"content":{"rendered":"\n<ul>\n<li>Familien mit Kindern sind willkommen in unserer Praxis (wir sind aber keine Kinderzahnarztpraxis). Regelm\u00e4\u00dfige Untersuchungen mit Erscheinen der ersten Milchz\u00e4hne sind sehr wichtig.<\/li>\n<\/ul>\n\n\n\n<p><\/p>\n\n\n\n<figure class=\"wp-block-gallery has-nested-images columns-default is-cropped wp-block-gallery-1 is-layout-flex wp-block-gallery-is-layout-flex\">\n<figure class=\"wp-block-image size-large\"><img loading=\"lazy\" decoding=\"async\" width=\"1120\" height=\"746\" data-id=\"1025\" src=\"https:\/\/zahnarzt-freital.info\/wp-content\/uploads\/2023\/01\/Kinderbehandlung-1.jpg\" alt=\"\" class=\"wp-image-1025\" srcset=\"https:\/\/zahnarzt-freital.info\/wp-content\/uploads\/2023\/01\/Kinderbehandlung-1.jpg 1120w, https:\/\/zahnarzt-freital.info\/wp-content\/uploads\/2023\/01\/Kinderbehandlung-1-450x300.jpg 450w, https:\/\/zahnarzt-freital.info\/wp-content\/uploads\/2023\/01\/Kinderbehandlung-1-225x150.jpg 225w, https:\/\/zahnarzt-freital.info\/wp-content\/uploads\/2023\/01\/Kinderbehandlung-1-768x512.jpg 768w\" sizes=\"(max-width: 1120px) 100vw, 1120px\" \/><\/figure>\n<\/figure>\n\n\n\n<p><\/p>\n\n\n\n<h2 class=\"wp-block-heading\">Kinderzahnheilkunde:<\/h2>\n\n\n\n<p>Unsere Zahnarztpraxis in Freital bietet Ihrer Familie ein breites Spektrum der Kinder- und Jugendzahnheilkunde. Sie erwartet ein familienfreundliches Team, das sich bereits seit vielen Jahren mit der Behandlung von Kindern und Jugendlichen besch\u00e4ftigt.<\/p>\n\n\n\n<p>Eine gute Zahnpflege, gesunde Ern\u00e4hrung, die Zufuhr von Fluoriden und zweimal im Jahr zahn\u00e4rztliche Kontrollen ist unsere Empfehlung f\u00fcr eine gute Mundgesundheit.<\/p>\n\n\n\n<p>Sie k\u00f6nnen&nbsp;Termine f\u00fcr zahn\u00e4rztliche Untersuchung und Prophylaxe direkt nacheinander bekommen. Wir helfen Ihnen die Mundgesundheit ihre Kinder optimal zu f\u00f6rdern.<\/p>\n\n\n\n<p><strong>Karies \u2013 ein Loch im Zahn<\/strong><\/p>\n\n\n\n<p>Gute Mundhygiene beginnt bereits im S\u00e4uglingsalter. Die Kinderz\u00e4hne sind von Natur aus gesund.<\/p>\n\n\n\n<p>Deshalb ist Z\u00e4hneputzen von Anfang an wichtig um Karies und seine Folgen zu vermeiden.<\/p>\n\n\n\n<p>Ursache f\u00fcr Karies sind s\u00e4urebildende Bakterian im Zahnbelag, der sich nicht absp\u00fclen, sondern nur mechanisch entfernen l\u00e4sst. Deshalb ist Z\u00e4hneputzen ab dem ersten Zahn wichtig. Kinderz\u00e4hne haben eine d\u00fcnnere Schmelzschich, die erst drei Jahre nach dem Durchbruch ausgereift und&nbsp; widerstandsf\u00e4higer ist.<\/p>\n\n\n\n<p>Fr\u00fchzeitige und regelm\u00e4\u00dfige Kontrollen sind sehr wichtig. Sobald der erste Zahn da ist, vereinbaren Sie bitte einen Termin zur Kontrolle in der Praxis. Wir beraten Sie gern \u00fcber Ern\u00e4hrung, Mundhygiene, Zahngesundheit und Gebissentwicklung. Bei uns lernen Ihre Kinder spielerisch die altersentsprechende Putztechnik. <\/p>\n\n\n\n<p>Gew\u00f6hnen Sie ihr Kind fr\u00fchzeitig an die Atmosph\u00e4re in der Zahnarztpraxis. Nehmen Sie Ihr Kind gern mit wenn Sie selbst einen Termin haben, so kann es sich fr\u00fch mit der Umgebung vertraut machen.<\/p>\n\n\n\n<p> <strong>Kieferorthop\u00e4die<\/strong> <\/p>\n\n\n\n<p>Rechtzeitig entdeckte Kieferfehlstellung lassen sich mit weniger Aufwand korrigieren. Gerade Z\u00e4hne sind wichtig f\u00fcr das Kauen und die Aussprache. Sind Z\u00e4hne gekippt oder gedreht ist die Pflege erschwert. Wir beraten Sie gern, ob und ab wann Ihr Kind eventuell eine kieferorthop\u00e4dische Behandlung braucht.<\/p>\n\n\n","protected":false},"excerpt":{"rendered":"<p>Kinderzahnheilkunde: Unsere Zahnarztpraxis in Freital bietet Ihrer Familie ein breites Spektrum der Kinder- und Jugendzahnheilkunde. Sie erwartet ein familienfreundliches Team, das sich bereits seit vielen Jahren mit der Behandlung von Kindern und Jugendlichen besch\u00e4ftigt. Eine gute Zahnpflege, gesunde Ern\u00e4hrung, die Zufuhr von Fluoriden und zweimal im Jahr zahn\u00e4rztliche Kontrollen ist unsere Empfehlung f\u00fcr eine gute&#8230; <\/p>\n","protected":false},"author":1,"featured_media":0,"parent":0,"menu_order":0,"comment_status":"closed","ping_status":"closed","template":"full-width.php","meta":{"_monsterinsights_skip_tracking":false,"_monsterinsights_sitenote_active":false,"_monsterinsights_sitenote_note":"","_monsterinsights_sitenote_category":0,"footnotes":""},"amp_enabled":false,"_links":{"self":[{"href":"https:\/\/zahnarzt-freital.info\/index.php?rest_route=\/wp\/v2\/pages\/340"}],"collection":[{"href":"https:\/\/zahnarzt-freital.info\/index.php?rest_route=\/wp\/v2\/pages"}],"about":[{"href":"https:\/\/zahnarzt-freital.info\/index.php?rest_route=\/wp\/v2\/types\/page"}],"author":[{"embeddable":true,"href":"https:\/\/zahnarzt-freital.info\/index.php?rest_route=\/wp\/v2\/users\/1"}],"replies":[{"embeddable":true,"href":"https:\/\/zahnarzt-freital.info\/index.php?rest_route=%2Fwp%2Fv2%2Fcomments&post=340"}],"version-history":[{"count":68,"href":"https:\/\/zahnarzt-freital.info\/index.php?rest_route=\/wp\/v2\/pages\/340\/revisions"}],"predecessor-version":[{"id":1194,"href":"https:\/\/zahnarzt-freital.info\/index.php?rest_route=\/wp\/v2\/pages\/340\/revisions\/1194"}],"wp:attachment":[{"href":"https:\/\/zahnarzt-freital.info\/index.php?rest_route=%2Fwp%2Fv2%2Fmedia&parent=340"}],"curies":[{"name":"wp","href":"https:\/\/api.w.org\/{rel}","templated":true}]}}