{"id":361,"date":"2020-02-20T12:22:14","date_gmt":"2020-02-20T12:22:14","guid":{"rendered":"https:\/\/zahnarzt-dippoldiswalde.de\/?page_id=361"},"modified":"2024-01-13T12:50:17","modified_gmt":"2024-01-13T11:50:17","slug":"happy-smiling-5-prophylaxe","status":"publish","type":"page","link":"https:\/\/zahnarzt-freital.info\/?page_id=361","title":{"rendered":"Prophylaxe"},"content":{"rendered":"\n<ul>\n<li>Eine <strong>professionelle Zahnreinigung<\/strong> tr\u00e4gt zur Vorbeugung von Karies, Parodontitis und anderen Erkrankungen bei. Dazu verl\u00e4ngert sie die Haltbarkeit der Implantate.<\/li>\n<\/ul>\n\n\n\n<figure class=\"wp-block-gallery has-nested-images columns-default is-cropped wp-block-gallery-1 is-layout-flex wp-block-gallery-is-layout-flex\">\n<figure class=\"wp-block-image size-large\"><img loading=\"lazy\" decoding=\"async\" width=\"877\" height=\"584\" data-id=\"1026\" src=\"https:\/\/zahnarzt-freital.info\/wp-content\/uploads\/2023\/01\/Prophilaxe_Marion-1.jpg\" alt=\"\" class=\"wp-image-1026\" srcset=\"https:\/\/zahnarzt-freital.info\/wp-content\/uploads\/2023\/01\/Prophilaxe_Marion-1.jpg 877w, https:\/\/zahnarzt-freital.info\/wp-content\/uploads\/2023\/01\/Prophilaxe_Marion-1-451x300.jpg 451w, https:\/\/zahnarzt-freital.info\/wp-content\/uploads\/2023\/01\/Prophilaxe_Marion-1-225x150.jpg 225w, https:\/\/zahnarzt-freital.info\/wp-content\/uploads\/2023\/01\/Prophilaxe_Marion-1-768x511.jpg 768w\" sizes=\"(max-width: 877px) 100vw, 877px\" \/><figcaption class=\"wp-element-caption\">Prophylaxeschwester Marion<\/figcaption><\/figure>\n<\/figure>\n\n\n\n<p><\/p>\n\n\n\n<h2 class=\"wp-block-heading\">Professionelle Zahnreinigung <\/h2>\n\n\n\n<p> Anstelle einer Reparaturmedizin, stehen wir f\u00fcr ein Konzept der dauerhaften Mundgesundheit. Daher hat die regelm\u00e4\u00dfige individuelle Prophylaxe&nbsp;in unserer Praxis eine wichtige Stellung. Professionelle Zahnreinigung tr\u00e4gt zu Vorbeugung von Karies, Parodontitis und anderen Erkrankungen bei, verl\u00e4ngert die Haltbarkeit von Implantaten und  Zahnersatz. Die Professionelle Zahnreinigung ist besonders wichtig bei erh\u00f6htem Kariesrisiko, f\u00fcr Patienten mit Zahnersatz, kieferorthop\u00e4dischen Ger\u00e4ten, und bei Vorerkrankungen wie z. B. Diabetes oder einem geschw\u00e4chtem&nbsp; Immunsystem. Je nach individueller Situation empfehlen wir die professionelle Zahnreinigung bis zu vier Mal im Jahr.<\/p>\n\n\n\n<p>Die t\u00e4gliche Mundpflege zu Hause ist die Basis f\u00fcr gesunde Z\u00e4hne und ein gesundes Zahnfleisch. Dennoch reicht die h\u00e4usliche Mundhygiene meist nicht aus, um alle Ecken und Nischen im Mund zu erreichen. Diese stellen ideale Schlupfwinkel f\u00fcr Bakterien dar, welche Karies und Zahnfleischerkrankungen ausl\u00f6sen. Mit den Jahren nutzen sich Z\u00e4hne durch Bei\u00dfen und Kauen sowie durch allt\u00e4gliche Angriffe s\u00e4urehaltiger Nahrung und Getr\u00e4nke ab. Prophylaxe ist deshalb in jeder Lebensphase unverzichtbar. <\/p>\n\n\n\n<p>In unserer Praxis in Freital unterst\u00fctzen wir Sie mit einer professionellen Zahnreinigung durch unsere speziell ausgebildete zahnmedizinische Fachschwester f\u00fcr Zahn- und Mundhygiene. Dabei werden&nbsp;Bel\u00e4ge, Zahnstein und Verf\u00e4rbungen schonend und gr\u00fcndlich mittels spezieller Instrumenten, Pasten, Ultraschall und eventuell mit Airflow (Pulverstrahlger\u00e4t) entfernt. Die Reinigung wird mit einer Fluoridierung&nbsp; zur H\u00e4rtung des Zahnschmelzes beendet. Dies beugt Erkrankungen der Z\u00e4hne und des Zahnfleisches vor. Auch \u00e4ltere Patienten mit Vorerkrankungen und gesundheitlichen Risikofaktoren sind bei uns gut aufgehoben. Wenn erw\u00fcnscht reinigen wir auch Ihre Teil- oder Totalprothesen im Ultraschallbad.<\/p>\n\n\n\n<p><\/p>\n\n\n\n<h2 class=\"wp-block-heading\">Individualprophylaxe f\u00fcr Kinder<\/h2>\n\n\n\n<p>F\u00fcr unsere kleinen Patienten und Jugendlichen&nbsp;findet die Individualprophylaxe in einer separaten Sitzung statt. Mit viel Geduld und Spa\u00df bringen wir Ihren Kindern die altersentsprechende Putztechnik bei. Die Kaufl\u00e4chen der Backenz\u00e4hne haben viele kleine Furchen, die schwierig zu putzen sind. Diese Furchen (Fissuren) k\u00f6nnen mit Kunststoff versiegelt werden, um die Z\u00e4hne vor Karies zu sch\u00fctzen.<\/p>\n","protected":false},"excerpt":{"rendered":"<p>Professionelle Zahnreinigung Anstelle einer Reparaturmedizin, stehen wir f\u00fcr ein Konzept der dauerhaften Mundgesundheit. Daher hat die regelm\u00e4\u00dfige individuelle Prophylaxe&nbsp;in unserer Praxis eine wichtige Stellung. Professionelle Zahnreinigung tr\u00e4gt zu Vorbeugung von Karies, Parodontitis und anderen Erkrankungen bei, verl\u00e4ngert die Haltbarkeit von Implantaten und Zahnersatz. Die Professionelle Zahnreinigung ist besonders wichtig bei erh\u00f6htem Kariesrisiko, f\u00fcr Patienten mit&#8230; <\/p>\n","protected":false},"author":1,"featured_media":0,"parent":0,"menu_order":0,"comment_status":"closed","ping_status":"closed","template":"full-width.php","meta":{"_monsterinsights_skip_tracking":false,"_monsterinsights_sitenote_active":false,"_monsterinsights_sitenote_note":"","_monsterinsights_sitenote_category":0,"footnotes":""},"amp_enabled":false,"_links":{"self":[{"href":"https:\/\/zahnarzt-freital.info\/index.php?rest_route=\/wp\/v2\/pages\/361"}],"collection":[{"href":"https:\/\/zahnarzt-freital.info\/index.php?rest_route=\/wp\/v2\/pages"}],"about":[{"href":"https:\/\/zahnarzt-freital.info\/index.php?rest_route=\/wp\/v2\/types\/page"}],"author":[{"embeddable":true,"href":"https:\/\/zahnarzt-freital.info\/index.php?rest_route=\/wp\/v2\/users\/1"}],"replies":[{"embeddable":true,"href":"https:\/\/zahnarzt-freital.info\/index.php?rest_route=%2Fwp%2Fv2%2Fcomments&post=361"}],"version-history":[{"count":38,"href":"https:\/\/zahnarzt-freital.info\/index.php?rest_route=\/wp\/v2\/pages\/361\/revisions"}],"predecessor-version":[{"id":1165,"href":"https:\/\/zahnarzt-freital.info\/index.php?rest_route=\/wp\/v2\/pages\/361\/revisions\/1165"}],"wp:attachment":[{"href":"https:\/\/zahnarzt-freital.info\/index.php?rest_route=%2Fwp%2Fv2%2Fmedia&parent=361"}],"curies":[{"name":"wp","href":"https:\/\/api.w.org\/{rel}","templated":true}]}}